{"id":7,"date":"2019-11-30T13:32:10","date_gmt":"2019-11-30T13:32:10","guid":{"rendered":"https:\/\/business.crafthemes-demo.com\/?page_id=7"},"modified":"2025-08-05T23:08:41","modified_gmt":"2025-08-05T23:08:41","slug":"home","status":"publish","type":"page","link":"https:\/\/www.nativafm.cl\/2\/","title":{"rendered":"Home"},"content":{"rendered":"\t\t<div data-elementor-type=\"wp-page\" data-elementor-id=\"7\" class=\"elementor elementor-7\" data-elementor-settings=\"[]\">\n\t\t\t\t\t\t<div class=\"elementor-inner\">\n\t\t\t\t\t\t\t<div class=\"elementor-section-wrap\">\n\t\t\t\t\t\t\t<section class=\"elementor-section elementor-top-section elementor-element elementor-element-56239353 elementor-section-full_width elementor-section-height-default elementor-section-height-default\" data-id=\"56239353\" data-element_type=\"section\">\n\t\t\t\t\t\t<div class=\"elementor-container elementor-column-gap-no\">\n\t\t\t\t\t\t\t<div class=\"elementor-row\">\n\t\t\t\t\t<div class=\"elementor-column elementor-col-100 elementor-top-column elementor-element elementor-element-38eaae86\" data-id=\"38eaae86\" data-element_type=\"column\">\n\t\t\t<div class=\"elementor-column-wrap elementor-element-populated\">\n\t\t\t\t\t\t\t<div class=\"elementor-widget-wrap\">\n\t\t\t\t\t\t<div class=\"elementor-element elementor-element-5decdf75 elementor-widget elementor-widget-eae_slider\" data-id=\"5decdf75\" data-element_type=\"widget\" data-widget_type=\"eae_slider.default\">\n\t\t\t\t<div class=\"elementor-widget-container\">\n\t\t\t         <div class=\"ct-slick-slider\" data-slick='{\n                \"dots\": true, \"arrows\": false,\n                \"pauseOnHover\": true,\n                \"autoplay\": true,\n                \"autoplaySpeed\": 5000,\n                \"infinite\": true,\n                \"fade\": false,\n                \"speed\": 500            }'>\n                        \n            <div class=\"ct-slick-slide elementor-repeater-item-e9be847\">\n                <div class=\"ct-slide-bg-img ct-slider-ken-burn-zoom-in\" style=\"background-image: url( https:\/\/www.nativafm.cl\/2\/wp-content\/uploads\/2020\/08\/cassettes-5148602_1280.jpg ); background-color: #bbbbbb\"><\/div><!-- \/.ct-slide-bg-img -->\n                <div class=\"slider-overlay ct-gradient-overlay\"         style=\"background-image: linear-gradient( 45deg, rgba(252, 238, 33, 0.7215686274509804) -360%, #4D5653CF 100% )\"\n    ><\/div><!-- \/.slider-overlay -->\n                <div class=\"slick-slide-container\">\n                    <div class=\"slick-slide-content slide-center text-center ct-position-\">\n                                                    <h1 data-animation=\"fadeInUp\" class=\"ct-slide-title\">Siempre Conectados en Nativa, Pura M\u00fasica<\/h1><!-- \/.testimonial-author -->\n                                                                        <p class=\"ct-slide-description\" data-animation=\"fadeInUp\">Radio Nativa,  transmite desde Puc\u00f3n,  sur de Chile.  En la programaci\u00f3n de Nativa escuchar\u00e1s una cuidada selecci\u00f3n musical con lo m\u00e1s destacado de la discograf\u00eda  pop, new wave y soft rock de las \u00faltimas d\u00e9cadas.<\/p>\n                                                <div class=\"ct-slide-button\" data-animation=\"fadeInUp\">\n                                                    <\/div><!-- \/.ct-slide-button -->\n                    <\/div><!-- \/.slick-slide-content -->\n                <\/div><!-- \/.slick-slide-container -->\n            <\/div><!-- \/.ct-slick-slide -->\n                        \n            <div class=\"ct-slick-slide elementor-repeater-item-89480fc\">\n                <div class=\"ct-slide-bg-img ct-slider-ken-burn-zoom-in\" style=\"background-image: url( https:\/\/www.nativafm.cl\/2\/wp-content\/uploads\/2020\/08\/JAZZ-EN-EL-AIRE-1.jpg ); background-color: #bbbbbb\"><\/div><!-- \/.ct-slide-bg-img -->\n                <div class=\"slider-overlay ct-gradient-overlay\"         style=\"background-image: linear-gradient( 180deg,  0%, #f2295b 100% )\"\n    ><\/div><!-- \/.slider-overlay -->\n                <div class=\"slick-slide-container\">\n                    <div class=\"slick-slide-content slide-center text-center ct-position-\">\n                                                    <h1 data-animation=\"fadeInUp\" class=\"ct-slide-title\">Jazz en el Aire<\/h1><!-- \/.testimonial-author -->\n                                                                        <p class=\"ct-slide-description\" data-animation=\"fadeInUp\">Lo m\u00e1s destacado de este g\u00e9nero musical y sus variados estilos como Jazz Fusi\u00f3n, Smooth Jazz, Blues, Jazz Rock, Bossa Nova y m\u00e1s. Un deleite a tus o\u00eddos a la hora de almuerzo y descanso.\u200b<\/p>\n                                                <div class=\"ct-slide-button\" data-animation=\"fadeInUp\">\n                                                    <\/div><!-- \/.ct-slide-button -->\n                    <\/div><!-- \/.slick-slide-content -->\n                <\/div><!-- \/.slick-slide-container -->\n            <\/div><!-- \/.ct-slick-slide -->\n                    <\/div><!-- \/.ct-slick-slider -->\n    \t\t<\/div>\n\t\t\t\t<\/div>\n\t\t\t\t\t\t<\/div>\n\t\t\t\t\t<\/div>\n\t\t<\/div>\n\t\t\t\t\t\t\t\t<\/div>\n\t\t\t\t\t<\/div>\n\t\t<\/section>\n\t\t\t\t<section class=\"elementor-section elementor-top-section elementor-element elementor-element-56f8333 elementor-section-boxed elementor-section-height-default elementor-section-height-default\" data-id=\"56f8333\" data-element_type=\"section\">\n\t\t\t\t\t\t<div class=\"elementor-container elementor-column-gap-default\">\n\t\t\t\t\t\t\t<div class=\"elementor-row\">\n\t\t\t\t\t<div class=\"elementor-column elementor-col-100 elementor-top-column elementor-element elementor-element-1b57086\" data-id=\"1b57086\" data-element_type=\"column\">\n\t\t\t<div class=\"elementor-column-wrap elementor-element-populated\">\n\t\t\t\t\t\t\t<div class=\"elementor-widget-wrap\">\n\t\t\t\t\t\t<div class=\"elementor-element elementor-element-820d359 elementor-widget elementor-widget-html\" data-id=\"820d359\" data-element_type=\"widget\" data-widget_type=\"html.default\">\n\t\t\t\t<div class=\"elementor-widget-container\">\n\t\t\t<!-- Texto centrado encima del reproductor, sin fondo -->\r\n<div id=\"player-info\"\r\n     style=\"position: fixed;\r\n            bottom: 120px;\r\n            left: 0;\r\n            width: 100%;\r\n            color: black;\r\n            padding: 4px;\r\n            text-align: center;\r\n            font-family: sans-serif;\r\n            font-size: 14px;\r\n            z-index: 10000;\">\r\n  \r\n<\/div>\r\n\r\n<script>\r\n    (function() {\r\n        var port = \"9136\";\r\n        var name = \"nativa\";\r\n        var iframe = document.createElement('iframe');\r\n        iframe.src = 'https:\/\/player.streaminghd.cl\/audio\/v3\/' + port + '\/' + name;\r\n        iframe.style.position = 'fixed';\r\n        iframe.style.bottom = '0';\r\n        iframe.style.left = '0';\r\n        iframe.style.width = '100%';\r\n        iframe.style.height = '120px';\r\n        iframe.style.border = 'none';\r\n        iframe.style.zIndex = '9999';\r\n        iframe.setAttribute('allowtransparency', 'true');\r\n        iframe.setAttribute('allow', 'autoplay');\r\n        iframe.setAttribute('frameborder', '0');\r\n        document.addEventListener('DOMContentLoaded', function() {\r\n            document.body.appendChild(iframe);\r\n        });\r\n    })();\r\n<\/script>\r\n\t\t<\/div>\n\t\t\t\t<\/div>\n\t\t\t\t\t\t<\/div>\n\t\t\t\t\t<\/div>\n\t\t<\/div>\n\t\t\t\t\t\t\t\t<\/div>\n\t\t\t\t\t<\/div>\n\t\t<\/section>\n\t\t\t\t<section class=\"elementor-section elementor-top-section elementor-element elementor-element-48205e11 elementor-section-stretched elementor-section-boxed elementor-section-height-default elementor-section-height-default\" data-id=\"48205e11\" data-element_type=\"section\" data-settings=\"{&quot;stretch_section&quot;:&quot;section-stretched&quot;,&quot;background_background&quot;:&quot;classic&quot;}\">\n\t\t\t\t\t\t<div class=\"elementor-container elementor-column-gap-default\">\n\t\t\t\t\t\t\t<div class=\"elementor-row\">\n\t\t\t\t\t<div class=\"elementor-column elementor-col-100 elementor-top-column elementor-element elementor-element-716eb6ec\" data-id=\"716eb6ec\" data-element_type=\"column\" data-settings=\"{&quot;background_background&quot;:&quot;slideshow&quot;,&quot;background_slideshow_gallery&quot;:[],&quot;background_slideshow_loop&quot;:&quot;yes&quot;,&quot;background_slideshow_slide_duration&quot;:5000,&quot;background_slideshow_slide_transition&quot;:&quot;fade&quot;,&quot;background_slideshow_transition_duration&quot;:500}\">\n\t\t\t<div class=\"elementor-column-wrap\">\n\t\t\t\t\t\t\t<div class=\"elementor-widget-wrap\">\n\t\t\t\t\t\t\t\t<\/div>\n\t\t\t\t\t<\/div>\n\t\t<\/div>\n\t\t\t\t\t\t\t\t<\/div>\n\t\t\t\t\t<\/div>\n\t\t<\/section>\n\t\t\t\t<section class=\"elementor-section elementor-top-section elementor-element elementor-element-fedfde4 elementor-section-boxed elementor-section-height-default elementor-section-height-default\" data-id=\"fedfde4\" data-element_type=\"section\" data-settings=\"{&quot;background_background&quot;:&quot;slideshow&quot;,&quot;background_slideshow_gallery&quot;:[],&quot;background_slideshow_loop&quot;:&quot;yes&quot;,&quot;background_slideshow_slide_duration&quot;:5000,&quot;background_slideshow_slide_transition&quot;:&quot;fade&quot;,&quot;background_slideshow_transition_duration&quot;:500}\">\n\t\t\t\t\t\t<div class=\"elementor-container elementor-column-gap-default\">\n\t\t\t\t\t\t\t<div class=\"elementor-row\">\n\t\t\t\t\t<div class=\"elementor-column elementor-col-100 elementor-top-column elementor-element elementor-element-29858d6f\" data-id=\"29858d6f\" data-element_type=\"column\">\n\t\t\t<div class=\"elementor-column-wrap elementor-element-populated\">\n\t\t\t\t\t\t\t<div class=\"elementor-widget-wrap\">\n\t\t\t\t\t\t<div class=\"elementor-element elementor-element-6f68f2cf elementor-widget elementor-widget-heading\" data-id=\"6f68f2cf\" data-element_type=\"widget\" data-widget_type=\"heading.default\">\n\t\t\t\t<div class=\"elementor-widget-container\">\n\t\t\t<h1 class=\"elementor-heading-title elementor-size-default\">2024<\/h1>\t\t<\/div>\n\t\t\t\t<\/div>\n\t\t\t\t<div class=\"elementor-element elementor-element-6604d5bb elementor-widget elementor-widget-eae_fancy_title\" data-id=\"6604d5bb\" data-element_type=\"widget\" data-widget_type=\"eae_fancy_title.default\">\n\t\t\t\t<div class=\"elementor-widget-container\">\n\t\t\t        <div class=\"title-area\">\n\n            \n            \n                        <h2 id=\"6604d5bb\" class=\"ct-title\" style=\"text-align: center\">PROGRAMAS<\/h2>            \n            \n            \n                            <div class=\"divider divider-center ct-divider\"><\/div><!-- \/.divider-center -->\n                    <\/div><!-- \/.title-area-center -->\n        \t\t<\/div>\n\t\t\t\t<\/div>\n\t\t\t\t<section class=\"elementor-section elementor-inner-section elementor-element elementor-element-19ce4497 elementor-section-boxed elementor-section-height-default elementor-section-height-default\" data-id=\"19ce4497\" data-element_type=\"section\">\n\t\t\t\t\t\t<div class=\"elementor-container elementor-column-gap-wider\">\n\t\t\t\t\t\t\t<div class=\"elementor-row\">\n\t\t\t\t\t<div class=\"elementor-column elementor-col-50 elementor-inner-column elementor-element elementor-element-2aabadf1\" data-id=\"2aabadf1\" data-element_type=\"column\">\n\t\t\t<div class=\"elementor-column-wrap elementor-element-populated\">\n\t\t\t\t\t\t\t<div class=\"elementor-widget-wrap\">\n\t\t\t\t\t\t<div class=\"elementor-element elementor-element-1277fdd2 elementor-vertical-align-middle elementor-position-top elementor-widget elementor-widget-image-box\" data-id=\"1277fdd2\" data-element_type=\"widget\" data-widget_type=\"image-box.default\">\n\t\t\t\t<div class=\"elementor-widget-container\">\n\t\t\t<div class=\"elementor-image-box-wrapper\"><figure class=\"elementor-image-box-img\"><img src=\"https:\/\/www.nativafm.cl\/2\/wp-content\/uploads\/elementor\/thumbs\/JAZZ-EN-EL-AIRE-1-oum4mb3byv5avobe81cejmilxx5h7p4mwdflvm1020.jpg\" title=\"JAZZ EN EL AIRE 1\" alt=\"JAZZ EN EL AIRE 1\" \/><\/figure><div class=\"elementor-image-box-content\"><h3 class=\"elementor-image-box-title\">Jazz en el Aire<\/h3><p class=\"elementor-image-box-description\">Lunes a Domingo de 13:00 a 15:00 hrs.<br>Diariamente al mediod\u00eda, lo m\u00e1s destacado de este g\u00e9nero musical y sus variados estilos como Jazz Fusi\u00f3n, Smooth Jazz, Blues, Jazz Rock, Bossa Nova y m\u00e1s. Un deleite a tus o\u00eddos a la hora de almuerzo y descanso.<\/p><\/div><\/div>\t\t<\/div>\n\t\t\t\t<\/div>\n\t\t\t\t\t\t<\/div>\n\t\t\t\t\t<\/div>\n\t\t<\/div>\n\t\t\t\t<div class=\"elementor-column elementor-col-50 elementor-inner-column elementor-element elementor-element-67faf500\" data-id=\"67faf500\" data-element_type=\"column\">\n\t\t\t<div class=\"elementor-column-wrap elementor-element-populated\">\n\t\t\t\t\t\t\t<div class=\"elementor-widget-wrap\">\n\t\t\t\t\t\t<div class=\"elementor-element elementor-element-2b3d22fe elementor-vertical-align-middle elementor-position-top elementor-widget elementor-widget-image-box\" data-id=\"2b3d22fe\" data-element_type=\"widget\" data-widget_type=\"image-box.default\">\n\t\t\t\t<div class=\"elementor-widget-container\">\n\t\t\t<div class=\"elementor-image-box-wrapper\"><figure class=\"elementor-image-box-img\"><img src=\"https:\/\/www.nativafm.cl\/2\/wp-content\/uploads\/elementor\/thumbs\/SOLO-ELEGIDOS-oum4nk7l2wv2cyhuwkuhvb4qgez3h63r2kqwww63rc.jpg\" title=\"SOLO ELEGIDOS\" alt=\"SOLO ELEGIDOS\" \/><\/figure><div class=\"elementor-image-box-content\"><h3 class=\"elementor-image-box-title\">S\u00f3lo Elegidos<\/h3><p class=\"elementor-image-box-description\">S\u00e1bado y Domingo a las 20:00 hrs.<br>Cada fin de semana un especial extra\u00eddo de la colecci\u00f3n Nativa, un elegido dentro de los m\u00e1ximos exponentes musicales de las \u00faltimas d\u00e9cadas, un recorrido por lo mejor de su discograf\u00eda.<\/span><\/strong><\/p><\/div><\/div>\t\t<\/div>\n\t\t\t\t<\/div>\n\t\t\t\t<div class=\"elementor-element elementor-element-4437f1b6 elementor-vertical-align-middle elementor-position-top elementor-widget elementor-widget-image-box\" data-id=\"4437f1b6\" data-element_type=\"widget\" data-widget_type=\"image-box.default\">\n\t\t\t\t<div class=\"elementor-widget-container\">\n\t\t\t<div class=\"elementor-image-box-wrapper\"><figure class=\"elementor-image-box-img\"><img src=\"https:\/\/www.nativafm.cl\/2\/wp-content\/uploads\/elementor\/thumbs\/MAGAZINE-oum4nj9qw2ts1cj822fvatd9v13q9h00qg3ffm7hxk.jpg\" title=\"MAGAZINE\" alt=\"MAGAZINE\" \/><\/figure><div class=\"elementor-image-box-content\"><h3 class=\"elementor-image-box-title\">FM Magazine<\/h3><p class=\"elementor-image-box-description\">Lunes a Domingo 08:15 \/ 11:45 \/ 15:45 \/ 17:15 \/ 18:45 \/ 20:15 \/ 21:45 hrs.<br>Micro-espacios que nos conectan con temas relacionados a la naturaleza y medioambiente, gastronom\u00eda, salud, arte, ciencia y tecnolog\u00eda, entre otros.<\/p><\/div><\/div>\t\t<\/div>\n\t\t\t\t<\/div>\n\t\t\t\t\t\t<\/div>\n\t\t\t\t\t<\/div>\n\t\t<\/div>\n\t\t\t\t\t\t\t\t<\/div>\n\t\t\t\t\t<\/div>\n\t\t<\/section>\n\t\t\t\t\t\t<\/div>\n\t\t\t\t\t<\/div>\n\t\t<\/div>\n\t\t\t\t\t\t\t\t<\/div>\n\t\t\t\t\t<\/div>\n\t\t<\/section>\n\t\t\t\t<section class=\"elementor-section elementor-top-section elementor-element elementor-element-3ddf422f elementor-section-boxed elementor-section-height-default elementor-section-height-default\" data-id=\"3ddf422f\" data-element_type=\"section\" data-settings=\"{&quot;background_background&quot;:&quot;classic&quot;}\">\n\t\t\t\t\t\t<div class=\"elementor-container elementor-column-gap-default\">\n\t\t\t\t\t\t\t<div class=\"elementor-row\">\n\t\t\t\t\t<div class=\"elementor-column elementor-col-100 elementor-top-column elementor-element elementor-element-26f78081\" data-id=\"26f78081\" data-element_type=\"column\">\n\t\t\t<div class=\"elementor-column-wrap\">\n\t\t\t\t\t\t\t<div class=\"elementor-widget-wrap\">\n\t\t\t\t\t\t\t\t<\/div>\n\t\t\t\t\t<\/div>\n\t\t<\/div>\n\t\t\t\t\t\t\t\t<\/div>\n\t\t\t\t\t<\/div>\n\t\t<\/section>\n\t\t\t\t<section class=\"elementor-section elementor-top-section elementor-element elementor-element-5055976 elementor-section-boxed elementor-section-height-default elementor-section-height-default\" data-id=\"5055976\" data-element_type=\"section\">\n\t\t\t\t\t\t<div class=\"elementor-container elementor-column-gap-default\">\n\t\t\t\t\t\t\t<div class=\"elementor-row\">\n\t\t\t\t\t<div class=\"elementor-column elementor-col-100 elementor-top-column elementor-element elementor-element-b1bbab1\" data-id=\"b1bbab1\" data-element_type=\"column\">\n\t\t\t<div class=\"elementor-column-wrap elementor-element-populated\">\n\t\t\t\t\t\t\t<div class=\"elementor-widget-wrap\">\n\t\t\t\t\t\t<div class=\"elementor-element elementor-element-d0bae5e elementor-widget elementor-widget-text-editor\" data-id=\"d0bae5e\" data-element_type=\"widget\" data-widget_type=\"text-editor.default\">\n\t\t\t\t<div class=\"elementor-widget-container\">\n\t\t\t\t\t<div class=\"elementor-text-editor elementor-clearfix\"><\/div>\n\t\t\t\t<\/div>\n\t\t\t\t<\/div>\n\t\t\t\t\t\t<\/div>\n\t\t\t\t\t<\/div>\n\t\t<\/div>\n\t\t\t\t\t\t\t\t<\/div>\n\t\t\t\t\t<\/div>\n\t\t<\/section>\n\t\t\t\t\t\t<\/div>\n\t\t\t\t\t\t<\/div>\n\t\t\t\t\t<\/div>\n\t\t","protected":false},"excerpt":{"rendered":"<p>Siempre Conectados en Nativa, Pura M\u00fasica Radio Nativa, transmite desde Puc\u00f3n, sur de Chile. En la programaci\u00f3n de Nativa escuchar\u00e1s una cuidada selecci\u00f3n musical con lo m\u00e1s destacado de la&#8230;<\/p>\n","protected":false},"author":1,"featured_media":0,"parent":0,"menu_order":0,"comment_status":"closed","ping_status":"closed","template":"elementor_header_footer","meta":[],"_links":{"self":[{"href":"https:\/\/www.nativafm.cl\/2\/wp-json\/wp\/v2\/pages\/7"}],"collection":[{"href":"https:\/\/www.nativafm.cl\/2\/wp-json\/wp\/v2\/pages"}],"about":[{"href":"https:\/\/www.nativafm.cl\/2\/wp-json\/wp\/v2\/types\/page"}],"author":[{"embeddable":true,"href":"https:\/\/www.nativafm.cl\/2\/wp-json\/wp\/v2\/users\/1"}],"replies":[{"embeddable":true,"href":"https:\/\/www.nativafm.cl\/2\/wp-json\/wp\/v2\/comments?post=7"}],"version-history":[{"count":97,"href":"https:\/\/www.nativafm.cl\/2\/wp-json\/wp\/v2\/pages\/7\/revisions"}],"predecessor-version":[{"id":4862,"href":"https:\/\/www.nativafm.cl\/2\/wp-json\/wp\/v2\/pages\/7\/revisions\/4862"}],"wp:attachment":[{"href":"https:\/\/www.nativafm.cl\/2\/wp-json\/wp\/v2\/media?parent=7"}],"curies":[{"name":"wp","href":"https:\/\/api.w.org\/{rel}","templated":true}]}}